{"id":1026,"date":"2021-02-21T14:18:51","date_gmt":"2021-02-21T14:18:51","guid":{"rendered":"https:\/\/bslthemes.com\/oblo-demo\/?page_id=10"},"modified":"2022-05-31T06:23:27","modified_gmt":"2022-05-31T06:23:27","slug":"inicio","status":"publish","type":"page","link":"https:\/\/info.distritobodas.com\/","title":{"rendered":"Inicio"},"content":{"rendered":"\t\t<div data-elementor-type=\"wp-page\" data-elementor-id=\"1026\" class=\"elementor elementor-1026\">\n\t\t\t\t\t\t<section class=\"elementor-section elementor-top-section elementor-element elementor-element-dd83bc2 elementor-section-full_width elementor-section-height-default elementor-section-height-default\" data-id=\"dd83bc2\" data-element_type=\"section\">\n\t\t\t\t\t\t<div class=\"elementor-container elementor-column-gap-no\">\n\t\t\t\t\t<div class=\"elementor-column elementor-col-100 elementor-top-column elementor-element elementor-element-e2f3d0b\" data-id=\"e2f3d0b\" data-element_type=\"column\">\n\t\t\t<div class=\"elementor-widget-wrap elementor-element-populated\">\n\t\t\t\t\t\t<div class=\"elementor-element elementor-element-86a90d0 elementor-widget elementor-widget-oblo-hero-slider\" data-id=\"86a90d0\" data-element_type=\"widget\" data-widget_type=\"oblo-hero-slider.default\">\n\t\t\t\t<div class=\"elementor-widget-container\">\n\t\t\t\t\t\n\t\t\t\t<!-- Section Main Slider -->\n\t\t<div class=\"section main-slider main-slider-desktop\" data-dispimgpath=\"https:\/\/info.distritobodas.com\/wp-content\/themes\/oblo\/assets\/images\/pointilize.jpg\">\n\t\t\t<div class=\"swiper-container\" data-mousewheel=\"true\">\n\t\t\t\t<div class=\"swiper-wrapper\">\n\t\t\t\t\t\t\t\t\t\t<div class=\"swiper-slide\">\n\t\t\t\t\t\t\t\t\t\t\t\t<!-- image -->\n\t\t\t\t\t\t<div class=\"slide\"><img decoding=\"async\" src=\"https:\/\/info.distritobodas.com\/wp-content\/uploads\/2022\/05\/algunas-formas-pedida-de-mano-blog-db-min-min-1920x1080.jpg\" class=\"main-slide-item__image\" alt=\"\" \/><\/div>\n\t\t\t\t\t\t\n\t\t\t\t\t\t<!-- slide titles -->\n\t\t\t\t\t\t<div class=\"slide-titles\">\n\t\t\t\t\t\t\t<div class=\"container\">\n\t\t\t\t\t\t\t\t<div class=\"row\">\n\t\t\t\t\t\t\t\t\t<div class=\"col-xs-12 col-sm-12 col-md-12 col-lg-12\">\n\n\t\t\t\t\t\t\t\t\t\t<!-- title -->\n\t\t\t\t\t\t\t\t\t\t<div class=\"titles\">\n\t\t\t\t\t\t\t\t\t\t\t\t\t\t\t\t\t\t\t\t\t\t\t\t\t\t\t\t\t\t\t\t\t<div class=\"subtitle splitting-text-anim-1\" data-splitting>\n\t\t\t\t\t\t\t\t\t\t\t\t<span >\n\t\t\t\t\t\t\t    \t\t\t\t\t#Pedidas #Consejos #Ideas\t\t\t\t\t\t\t    \t\t\t\t<\/span>\n\t\t\t\t\t\t\t\t\t\t\t<\/div>\n\t\t\t\t\t\t\t\t\t\t\t\t\t\t\t\t\t\t\t\t\t\t\t\t\t\t\t\t\t\t\t\t\t<div class=\"title\">\n\t\t\t\t\t\t\t\t\t\t\t\t<span class=\"title-inner splitting-text-anim-2\" data-splitting>\n\t\t\t\t\t\t\t\t\t\t\t\t\t\t\t\t\t\t\t\t\t\t\t\t\t\t\t\t\t\t\t\t\t\t\t\t\t\t\t<span >\n\t\t\t\t\t\t\t    \t\t\t\t\t\tTendencias para\t\t\t\t\t\t\t    \t\t\t\t\t<\/span><br \/>\n\t\t\t\t\t\t\t    \t\t\t\t\t\t\t\t\t\t\t\t    \t\t\t\t\t\t\t\t\t\t\t\t\t\t\t\t\t\t\t\t\t\t\t\t\t\t\t\t\t\t\t<strong>\n\t\t\t\t\t\t\t\t\t\t\t\t\t\t<span >\n\t\t\t\t\t\t\t    \t\t\t\t\t\t\tpedidas de mano\t\t\t\t\t\t\t    \t\t\t\t\t\t<\/span>\n\t\t\t\t\t\t\t\t\t\t\t\t\t<\/strong>\n\t\t\t\t\t\t\t\t\t\t\t\t\t\t\t\t\t\t\t\t\t\t\t\t\t\t\t\t\t\t\t\t\t\t\t\t\t\t\t\t\t\t\t\t\t\t\t\t\t\t\t\t\t\t\t\t\t\t\t\t\t\t\t\t<\/span>\n\t\t\t\t\t\t\t\t\t\t\t\t\t\t\t\t\t\t\t\t\t\t\t\t<span class=\"author-text splitting-text-anim-1\" data-splitting>\n\t\t\t\t\t\t\t\t\t\t\t\t\t<span >\n\t\t\t\t\t\t\t    \t\t\t\t\t\tRedacci\u00f3n: \u201cDistrito Bodas\u201d.\t\t\t\t\t\t\t    \t\t\t\t\t<\/span>\n\t\t\t\t\t\t\t\t\t\t\t\t<\/span>\n\t\t\t\t\t\t\t\t\t\t\t\t\t\t\t\t\t\t\t\t\t\t\t<\/div>\n\t\t\t\t\t\t\t\t\t\t\t\t\t\t\t\t\t\t\t\t\t<\/div>\n\n\t\t\t\t\t\t\t\t\t<\/div>\n\t\t\t\t\t\t\t\t<\/div>\n\t\t\t\t\t\t\t<\/div>\n\t\t\t\t\t\t\t\t\t\t\t\t\t\t<div class=\"view-btn\">\n\t\t\t\t\t\t\t\t<a href=\"https:\/\/distritobodas.com\/tendencias-para-pedidas-de-mano\/\" data-splitting class=\"splitting-text-anim-1\">\n\t\t\t\t\t\t\t\t\t<span >VER PUBLICACI\u00d3N<\/span>\n\t\t\t\t\t\t\t\t<\/a>\n\t\t\t\t\t\t\t<\/div>\n\t\t\t\t\t\t\t\t\t\t\t\t\t<\/div>\n\n\t\t\t\t\t<\/div>\n\t\t\t\t\t\t\t\t\t\t<div class=\"swiper-slide\">\n\t\t\t\t\t\t\t\t\t\t\t\t<!-- image -->\n\t\t\t\t\t\t<div class=\"slide\"><img decoding=\"async\" src=\"https:\/\/info.distritobodas.com\/wp-content\/uploads\/2022\/05\/tu-vestido-perfecto-db-blog-min-min-1920x1080.jpg\" class=\"main-slide-item__image\" alt=\"\" \/><\/div>\n\t\t\t\t\t\t\n\t\t\t\t\t\t<!-- slide titles -->\n\t\t\t\t\t\t<div class=\"slide-titles\">\n\t\t\t\t\t\t\t<div class=\"container\">\n\t\t\t\t\t\t\t\t<div class=\"row\">\n\t\t\t\t\t\t\t\t\t<div class=\"col-xs-12 col-sm-12 col-md-12 col-lg-12\">\n\n\t\t\t\t\t\t\t\t\t\t<!-- title -->\n\t\t\t\t\t\t\t\t\t\t<div class=\"titles\">\n\t\t\t\t\t\t\t\t\t\t\t\t\t\t\t\t\t\t\t\t\t\t\t\t\t\t\t\t\t\t\t\t\t<div class=\"subtitle splitting-text-anim-1\" data-splitting>\n\t\t\t\t\t\t\t\t\t\t\t\t<span >\n\t\t\t\t\t\t\t    \t\t\t\t\t#Vestido #Damas #Tips\t\t\t\t\t\t\t    \t\t\t\t<\/span>\n\t\t\t\t\t\t\t\t\t\t\t<\/div>\n\t\t\t\t\t\t\t\t\t\t\t\t\t\t\t\t\t\t\t\t\t\t\t\t\t\t\t\t\t\t\t\t\t<div class=\"title\">\n\t\t\t\t\t\t\t\t\t\t\t\t<span class=\"title-inner splitting-text-anim-2\" data-splitting>\n\t\t\t\t\t\t\t\t\t\t\t\t\t\t\t\t\t\t\t\t\t\t\t\t\t\t\t\t\t\t\t\t\t\t\t\t\t\t\t<span >\n\t\t\t\t\t\t\t    \t\t\t\t\t\tConsejos para escoger tu\t\t\t\t\t\t\t    \t\t\t\t\t<\/span><br \/>\n\t\t\t\t\t\t\t    \t\t\t\t\t\t\t\t\t\t\t\t    \t\t\t\t\t\t\t\t\t\t\t\t\t\t\t\t\t\t\t\t\t\t\t\t\t\t\t\t\t\t\t<strong>\n\t\t\t\t\t\t\t\t\t\t\t\t\t\t<span >\n\t\t\t\t\t\t\t    \t\t\t\t\t\t\tvestido de boda\t\t\t\t\t\t\t    \t\t\t\t\t\t<\/span>\n\t\t\t\t\t\t\t\t\t\t\t\t\t<\/strong>\n\t\t\t\t\t\t\t\t\t\t\t\t\t\t\t\t\t\t\t\t\t\t\t\t\t\t\t\t\t\t\t\t\t\t\t\t\t\t\t\t\t\t\t\t\t\t\t\t\t\t\t\t\t\t\t\t\t\t\t\t\t\t\t\t<\/span>\n\t\t\t\t\t\t\t\t\t\t\t\t\t\t\t\t\t\t\t\t\t\t\t\t<span class=\"author-text splitting-text-anim-1\" data-splitting>\n\t\t\t\t\t\t\t\t\t\t\t\t\t<span >\n\t\t\t\t\t\t\t    \t\t\t\t\t\tRedacci\u00f3n: \u201cDistrito Bodas\u201d.\t\t\t\t\t\t\t    \t\t\t\t\t<\/span>\n\t\t\t\t\t\t\t\t\t\t\t\t<\/span>\n\t\t\t\t\t\t\t\t\t\t\t\t\t\t\t\t\t\t\t\t\t\t\t<\/div>\n\t\t\t\t\t\t\t\t\t\t\t\t\t\t\t\t\t\t\t\t\t<\/div>\n\n\t\t\t\t\t\t\t\t\t<\/div>\n\t\t\t\t\t\t\t\t<\/div>\n\t\t\t\t\t\t\t<\/div>\n\t\t\t\t\t\t\t\t\t\t\t\t\t\t<div class=\"view-btn\">\n\t\t\t\t\t\t\t\t<a href=\"https:\/\/distritobodas.com\/escoge-el-perfecto-vestido-de-novia-con-estos-consejos\/\" data-splitting class=\"splitting-text-anim-1\">\n\t\t\t\t\t\t\t\t\t<span >VER PUBLICACI\u00d3N<\/span>\n\t\t\t\t\t\t\t\t<\/a>\n\t\t\t\t\t\t\t<\/div>\n\t\t\t\t\t\t\t\t\t\t\t\t\t<\/div>\n\n\t\t\t\t\t<\/div>\n\t\t\t\t\t\t\t\t\t\t<div class=\"swiper-slide\">\n\t\t\t\t\t\t\t\t\t\t\t\t<!-- image -->\n\t\t\t\t\t\t<div class=\"slide\"><img decoding=\"async\" src=\"https:\/\/info.distritobodas.com\/wp-content\/uploads\/2022\/05\/pastel-bodas-sonado-db-blog-mar-min-1920x1080.jpg\" class=\"main-slide-item__image\" alt=\"\" \/><\/div>\n\t\t\t\t\t\t\n\t\t\t\t\t\t<!-- slide titles -->\n\t\t\t\t\t\t<div class=\"slide-titles\">\n\t\t\t\t\t\t\t<div class=\"container\">\n\t\t\t\t\t\t\t\t<div class=\"row\">\n\t\t\t\t\t\t\t\t\t<div class=\"col-xs-12 col-sm-12 col-md-12 col-lg-12\">\n\n\t\t\t\t\t\t\t\t\t\t<!-- title -->\n\t\t\t\t\t\t\t\t\t\t<div class=\"titles\">\n\t\t\t\t\t\t\t\t\t\t\t\t\t\t\t\t\t\t\t\t\t\t\t\t\t\t\t\t\t\t\t\t\t<div class=\"subtitle splitting-text-anim-1\" data-splitting>\n\t\t\t\t\t\t\t\t\t\t\t\t<span >\n\t\t\t\t\t\t\t    \t\t\t\t\t#Postre #Pastel #Degustaci\u00f3n\t\t\t\t\t\t\t    \t\t\t\t<\/span>\n\t\t\t\t\t\t\t\t\t\t\t<\/div>\n\t\t\t\t\t\t\t\t\t\t\t\t\t\t\t\t\t\t\t\t\t\t\t\t\t\t\t\t\t\t\t\t\t<div class=\"title\">\n\t\t\t\t\t\t\t\t\t\t\t\t<span class=\"title-inner splitting-text-anim-2\" data-splitting>\n\t\t\t\t\t\t\t\t\t\t\t\t\t\t\t\t\t\t\t\t\t\t\t\t\t\t\t\t\t\t\t\t\t\t\t\t\t\t\t<span >\n\t\t\t\t\t\t\t    \t\t\t\t\t\tTu pastel de bodas\t\t\t\t\t\t\t    \t\t\t\t\t<\/span><br \/>\n\t\t\t\t\t\t\t    \t\t\t\t\t\t\t\t\t\t\t\t    \t\t\t\t\t\t\t\t\t\t\t\t\t\t\t\t\t\t\t\t\t\t\t\t\t\t\t\t\t\t\t<strong>\n\t\t\t\t\t\t\t\t\t\t\t\t\t\t<span >\n\t\t\t\t\t\t\t    \t\t\t\t\t\t\tso\u00f1ado\t\t\t\t\t\t\t    \t\t\t\t\t\t<\/span>\n\t\t\t\t\t\t\t\t\t\t\t\t\t<\/strong>\n\t\t\t\t\t\t\t\t\t\t\t\t\t\t\t\t\t\t\t\t\t\t\t\t\t\t\t\t\t\t\t\t\t\t\t\t\t\t\t\t\t\t\t\t\t\t\t\t\t\t\t\t\t\t\t\t\t\t\t\t\t\t\t\t<\/span>\n\t\t\t\t\t\t\t\t\t\t\t\t\t\t\t\t\t\t\t\t\t\t\t\t<span class=\"author-text splitting-text-anim-1\" data-splitting>\n\t\t\t\t\t\t\t\t\t\t\t\t\t<span >\n\t\t\t\t\t\t\t    \t\t\t\t\t\tRedacci\u00f3n: \u201cDistrito Bodas\u201d.\t\t\t\t\t\t\t    \t\t\t\t\t<\/span>\n\t\t\t\t\t\t\t\t\t\t\t\t<\/span>\n\t\t\t\t\t\t\t\t\t\t\t\t\t\t\t\t\t\t\t\t\t\t\t<\/div>\n\t\t\t\t\t\t\t\t\t\t\t\t\t\t\t\t\t\t\t\t\t<\/div>\n\n\t\t\t\t\t\t\t\t\t<\/div>\n\t\t\t\t\t\t\t\t<\/div>\n\t\t\t\t\t\t\t<\/div>\n\t\t\t\t\t\t\t\t\t\t\t\t\t\t<div class=\"view-btn\">\n\t\t\t\t\t\t\t\t<a href=\"https:\/\/distritobodas.com\/tu-pastel-de-boda-sonado\/\" data-splitting class=\"splitting-text-anim-1\">\n\t\t\t\t\t\t\t\t\t<span >VER PUBLICACI\u00d3N<\/span>\n\t\t\t\t\t\t\t\t<\/a>\n\t\t\t\t\t\t\t<\/div>\n\t\t\t\t\t\t\t\t\t\t\t\t\t<\/div>\n\n\t\t\t\t\t<\/div>\n\t\t\t\t\t\t\t\t\t\t<div class=\"swiper-slide\">\n\t\t\t\t\t\t\t\t\t\t\t\t<!-- image -->\n\t\t\t\t\t\t<div class=\"slide\"><img decoding=\"async\" src=\"https:\/\/info.distritobodas.com\/wp-content\/uploads\/2022\/05\/cabello-peinados-bodas-db-blog-min-1920x1080.jpg\" class=\"main-slide-item__image\" alt=\"\" \/><\/div>\n\t\t\t\t\t\t\n\t\t\t\t\t\t<!-- slide titles -->\n\t\t\t\t\t\t<div class=\"slide-titles\">\n\t\t\t\t\t\t\t<div class=\"container\">\n\t\t\t\t\t\t\t\t<div class=\"row\">\n\t\t\t\t\t\t\t\t\t<div class=\"col-xs-12 col-sm-12 col-md-12 col-lg-12\">\n\n\t\t\t\t\t\t\t\t\t\t<!-- title -->\n\t\t\t\t\t\t\t\t\t\t<div class=\"titles\">\n\t\t\t\t\t\t\t\t\t\t\t\t\t\t\t\t\t\t\t\t\t\t\t\t\t\t\t\t\t\t\t\t\t<div class=\"subtitle splitting-text-anim-1\" data-splitting>\n\t\t\t\t\t\t\t\t\t\t\t\t<span >\n\t\t\t\t\t\t\t    \t\t\t\t\t#Peinado #Estilos #Imagen\t\t\t\t\t\t\t    \t\t\t\t<\/span>\n\t\t\t\t\t\t\t\t\t\t\t<\/div>\n\t\t\t\t\t\t\t\t\t\t\t\t\t\t\t\t\t\t\t\t\t\t\t\t\t\t\t\t\t\t\t\t\t<div class=\"title\">\n\t\t\t\t\t\t\t\t\t\t\t\t<span class=\"title-inner splitting-text-anim-2\" data-splitting>\n\t\t\t\t\t\t\t\t\t\t\t\t\t\t\t\t\t\t\t\t\t\t\t\t\t\t\t\t\t\t\t\t\t\t\t\t\t\t\t<span >\n\t\t\t\t\t\t\t    \t\t\t\t\t\tEscoge tu peinado\t\t\t\t\t\t\t    \t\t\t\t\t<\/span><br \/>\n\t\t\t\t\t\t\t    \t\t\t\t\t\t\t\t\t\t\t\t    \t\t\t\t\t\t\t\t\t\t\t\t\t\t\t\t\t\t\t\t\t\t\t\t\t\t\t\t\t\t\t<strong>\n\t\t\t\t\t\t\t\t\t\t\t\t\t\t<span >\n\t\t\t\t\t\t\t    \t\t\t\t\t\t\tde bodas\t\t\t\t\t\t\t    \t\t\t\t\t\t<\/span>\n\t\t\t\t\t\t\t\t\t\t\t\t\t<\/strong>\n\t\t\t\t\t\t\t\t\t\t\t\t\t\t\t\t\t\t\t\t\t\t\t\t\t\t\t\t\t\t\t\t\t\t\t\t\t\t\t\t\t\t\t\t\t\t\t\t\t\t\t\t\t\t\t\t\t\t\t\t\t\t\t\t<\/span>\n\t\t\t\t\t\t\t\t\t\t\t\t\t\t\t\t\t\t\t\t\t\t\t\t<span class=\"author-text splitting-text-anim-1\" data-splitting>\n\t\t\t\t\t\t\t\t\t\t\t\t\t<span >\n\t\t\t\t\t\t\t    \t\t\t\t\t\tRedacci\u00f3n: \u201cDistrito Bodas\u201d.\t\t\t\t\t\t\t    \t\t\t\t\t<\/span>\n\t\t\t\t\t\t\t\t\t\t\t\t<\/span>\n\t\t\t\t\t\t\t\t\t\t\t\t\t\t\t\t\t\t\t\t\t\t\t<\/div>\n\t\t\t\t\t\t\t\t\t\t\t\t\t\t\t\t\t\t\t\t\t<\/div>\n\n\t\t\t\t\t\t\t\t\t<\/div>\n\t\t\t\t\t\t\t\t<\/div>\n\t\t\t\t\t\t\t<\/div>\n\t\t\t\t\t\t\t\t\t\t\t\t\t\t<div class=\"view-btn\">\n\t\t\t\t\t\t\t\t<a href=\"https:\/\/distritobodas.com\/peinados-de-boda-que-seran-tendencia-este-2022\/\" data-splitting class=\"splitting-text-anim-1\">\n\t\t\t\t\t\t\t\t\t<span >VER PUBLICACI\u00d3N<\/span>\n\t\t\t\t\t\t\t\t<\/a>\n\t\t\t\t\t\t\t<\/div>\n\t\t\t\t\t\t\t\t\t\t\t\t\t<\/div>\n\n\t\t\t\t\t<\/div>\n\t\t\t\t\t\t\t\t\t<\/div>\n\n\t\t\t\t<!-- pagination -->\n\t\t\t\t<div class=\"swiper-pagination scrolla-element-anim-1 scroll-animate\" data-animate=\"active\"><\/div>\n\n\t\t\t\t<!-- navigation -->\n\t\t\t\t<div class=\"swiper-buttons\">\n\t\t\t\t\t<div class=\"swiper-button-prev scene-nav scene-nav--prev\"><\/div>\n\t\t\t\t\t<div class=\"swiper-button-next scene-nav scene-nav--next\"><\/div>\n\t\t\t\t<\/div>\n\n\t\t\t<\/div>\n\n\t\t\t<!-- slides -->\n\t\t\t<div class=\"canvas main-slider-items__image main-slider-items__image_desktop\"><\/div>\n\n\t\t<\/div>\n\t\t\n\t\t\t\t\t\t<\/div>\n\t\t\t\t<\/div>\n\t\t\t\t\t<\/div>\n\t\t<\/div>\n\t\t\t\t\t<\/div>\n\t\t<\/section>\n\t\t\t\t<\/div>\n\t\t","protected":false},"excerpt":{"rendered":"<p>#Pedidas #Consejos #Ideas Tendencias para pedidas de mano Redacci\u00f3n: \u201cDistrito Bodas\u201d. VER PUBLICACI\u00d3N #Vestido #Damas #Tips Consejos para escoger tu vestido de boda Redacci\u00f3n: \u201cDistrito Bodas\u201d. VER PUBLICACI\u00d3N #Postre #Pastel #Degustaci\u00f3n Tu pastel de bodas so\u00f1ado Redacci\u00f3n: \u201cDistrito Bodas\u201d. VER PUBLICACI\u00d3N #Peinado #Estilos #Imagen&#8230; <\/p>\n<div class=\"readmore\"><a href=\"https:\/\/info.distritobodas.com\/\" class=\"btn-link\">Read more<\/a><\/div>\n","protected":false},"author":1,"featured_media":1123,"parent":0,"menu_order":0,"comment_status":"closed","ping_status":"closed","template":"template-layout-builder.php","meta":{"footnotes":""},"class_list":["post-1026","page","type-page","status-publish","has-post-thumbnail","hentry"],"acf":[],"yoast_head":"<!-- This site is optimized with the Yoast SEO plugin v26.4 - https:\/\/yoast.com\/wordpress\/plugins\/seo\/ -->\n<title>Inicio - Distrito Bodas<\/title>\n<meta name=\"description\" content=\"Nuestras publicaciones m\u00e1s recientes las encontrar\u00e1s aqu\u00ed, descubre m\u00e1s acerca de los temas de tendencia con Distrito Bodas.\" \/>\n<meta name=\"robots\" content=\"noindex, nofollow\" \/>\n<meta property=\"og:locale\" content=\"en_US\" \/>\n<meta property=\"og:type\" content=\"article\" \/>\n<meta property=\"og:title\" content=\"Inicio - Distrito Bodas\" \/>\n<meta property=\"og:description\" content=\"Nuestras publicaciones m\u00e1s recientes las encontrar\u00e1s aqu\u00ed, descubre m\u00e1s acerca de los temas de tendencia con Distrito Bodas.\" \/>\n<meta property=\"og:url\" content=\"https:\/\/info.distritobodas.com\/\" \/>\n<meta property=\"og:site_name\" content=\"Distrito Bodas\" \/>\n<meta property=\"article:modified_time\" content=\"2022-05-31T06:23:27+00:00\" \/>\n<meta property=\"og:image\" content=\"http:\/\/info.distritobodas.com\/wp-content\/uploads\/2022\/05\/seo-db-min.jpg\" \/>\n\t<meta property=\"og:image:width\" content=\"1000\" \/>\n\t<meta property=\"og:image:height\" content=\"667\" \/>\n\t<meta property=\"og:image:type\" content=\"image\/jpeg\" \/>\n<meta name=\"twitter:card\" content=\"summary_large_image\" \/>\n<meta name=\"twitter:label1\" content=\"Est. reading time\" \/>\n\t<meta name=\"twitter:data1\" content=\"2 minutes\" \/>\n<script type=\"application\/ld+json\" class=\"yoast-schema-graph\">{\"@context\":\"https:\/\/schema.org\",\"@graph\":[{\"@type\":\"WebPage\",\"@id\":\"https:\/\/info.distritobodas.com\/\",\"url\":\"https:\/\/info.distritobodas.com\/\",\"name\":\"Inicio - Distrito Bodas\",\"isPartOf\":{\"@id\":\"https:\/\/info.distritobodas.com\/#website\"},\"primaryImageOfPage\":{\"@id\":\"https:\/\/info.distritobodas.com\/#primaryimage\"},\"image\":{\"@id\":\"https:\/\/info.distritobodas.com\/#primaryimage\"},\"thumbnailUrl\":\"https:\/\/info.distritobodas.com\/wp-content\/uploads\/2022\/05\/seo-db-min.jpg\",\"datePublished\":\"2021-02-21T14:18:51+00:00\",\"dateModified\":\"2022-05-31T06:23:27+00:00\",\"description\":\"Nuestras publicaciones m\u00e1s recientes las encontrar\u00e1s aqu\u00ed, descubre m\u00e1s acerca de los temas de tendencia con Distrito Bodas.\",\"breadcrumb\":{\"@id\":\"https:\/\/info.distritobodas.com\/#breadcrumb\"},\"inLanguage\":\"en-US\",\"potentialAction\":[{\"@type\":\"ReadAction\",\"target\":[\"https:\/\/info.distritobodas.com\/\"]}]},{\"@type\":\"ImageObject\",\"inLanguage\":\"en-US\",\"@id\":\"https:\/\/info.distritobodas.com\/#primaryimage\",\"url\":\"https:\/\/info.distritobodas.com\/wp-content\/uploads\/2022\/05\/seo-db-min.jpg\",\"contentUrl\":\"https:\/\/info.distritobodas.com\/wp-content\/uploads\/2022\/05\/seo-db-min.jpg\",\"width\":1000,\"height\":667},{\"@type\":\"BreadcrumbList\",\"@id\":\"https:\/\/info.distritobodas.com\/#breadcrumb\",\"itemListElement\":[{\"@type\":\"ListItem\",\"position\":1,\"name\":\"Home\",\"item\":\"https:\/\/info.distritobodas.com\/\"},{\"@type\":\"ListItem\",\"position\":2,\"name\":\"Inicio\"}]},{\"@type\":\"WebSite\",\"@id\":\"https:\/\/info.distritobodas.com\/#website\",\"url\":\"https:\/\/info.distritobodas.com\/\",\"name\":\"Distrito Bodas\",\"description\":\"\",\"potentialAction\":[{\"@type\":\"SearchAction\",\"target\":{\"@type\":\"EntryPoint\",\"urlTemplate\":\"https:\/\/info.distritobodas.com\/?s={search_term_string}\"},\"query-input\":{\"@type\":\"PropertyValueSpecification\",\"valueRequired\":true,\"valueName\":\"search_term_string\"}}],\"inLanguage\":\"en-US\"}]}<\/script>\n<!-- \/ Yoast SEO plugin. -->","yoast_head_json":{"title":"Inicio - Distrito Bodas","description":"Nuestras publicaciones m\u00e1s recientes las encontrar\u00e1s aqu\u00ed, descubre m\u00e1s acerca de los temas de tendencia con Distrito Bodas.","robots":{"index":"noindex","follow":"nofollow"},"og_locale":"en_US","og_type":"article","og_title":"Inicio - Distrito Bodas","og_description":"Nuestras publicaciones m\u00e1s recientes las encontrar\u00e1s aqu\u00ed, descubre m\u00e1s acerca de los temas de tendencia con Distrito Bodas.","og_url":"https:\/\/info.distritobodas.com\/","og_site_name":"Distrito Bodas","article_modified_time":"2022-05-31T06:23:27+00:00","og_image":[{"width":1000,"height":667,"url":"http:\/\/info.distritobodas.com\/wp-content\/uploads\/2022\/05\/seo-db-min.jpg","type":"image\/jpeg"}],"twitter_card":"summary_large_image","twitter_misc":{"Est. reading time":"2 minutes"},"schema":{"@context":"https:\/\/schema.org","@graph":[{"@type":"WebPage","@id":"https:\/\/info.distritobodas.com\/","url":"https:\/\/info.distritobodas.com\/","name":"Inicio - Distrito Bodas","isPartOf":{"@id":"https:\/\/info.distritobodas.com\/#website"},"primaryImageOfPage":{"@id":"https:\/\/info.distritobodas.com\/#primaryimage"},"image":{"@id":"https:\/\/info.distritobodas.com\/#primaryimage"},"thumbnailUrl":"https:\/\/info.distritobodas.com\/wp-content\/uploads\/2022\/05\/seo-db-min.jpg","datePublished":"2021-02-21T14:18:51+00:00","dateModified":"2022-05-31T06:23:27+00:00","description":"Nuestras publicaciones m\u00e1s recientes las encontrar\u00e1s aqu\u00ed, descubre m\u00e1s acerca de los temas de tendencia con Distrito Bodas.","breadcrumb":{"@id":"https:\/\/info.distritobodas.com\/#breadcrumb"},"inLanguage":"en-US","potentialAction":[{"@type":"ReadAction","target":["https:\/\/info.distritobodas.com\/"]}]},{"@type":"ImageObject","inLanguage":"en-US","@id":"https:\/\/info.distritobodas.com\/#primaryimage","url":"https:\/\/info.distritobodas.com\/wp-content\/uploads\/2022\/05\/seo-db-min.jpg","contentUrl":"https:\/\/info.distritobodas.com\/wp-content\/uploads\/2022\/05\/seo-db-min.jpg","width":1000,"height":667},{"@type":"BreadcrumbList","@id":"https:\/\/info.distritobodas.com\/#breadcrumb","itemListElement":[{"@type":"ListItem","position":1,"name":"Home","item":"https:\/\/info.distritobodas.com\/"},{"@type":"ListItem","position":2,"name":"Inicio"}]},{"@type":"WebSite","@id":"https:\/\/info.distritobodas.com\/#website","url":"https:\/\/info.distritobodas.com\/","name":"Distrito Bodas","description":"","potentialAction":[{"@type":"SearchAction","target":{"@type":"EntryPoint","urlTemplate":"https:\/\/info.distritobodas.com\/?s={search_term_string}"},"query-input":{"@type":"PropertyValueSpecification","valueRequired":true,"valueName":"search_term_string"}}],"inLanguage":"en-US"}]}},"_links":{"self":[{"href":"https:\/\/info.distritobodas.com\/index.php\/wp-json\/wp\/v2\/pages\/1026","targetHints":{"allow":["GET"]}}],"collection":[{"href":"https:\/\/info.distritobodas.com\/index.php\/wp-json\/wp\/v2\/pages"}],"about":[{"href":"https:\/\/info.distritobodas.com\/index.php\/wp-json\/wp\/v2\/types\/page"}],"author":[{"embeddable":true,"href":"https:\/\/info.distritobodas.com\/index.php\/wp-json\/wp\/v2\/users\/1"}],"replies":[{"embeddable":true,"href":"https:\/\/info.distritobodas.com\/index.php\/wp-json\/wp\/v2\/comments?post=1026"}],"version-history":[{"count":42,"href":"https:\/\/info.distritobodas.com\/index.php\/wp-json\/wp\/v2\/pages\/1026\/revisions"}],"predecessor-version":[{"id":1162,"href":"https:\/\/info.distritobodas.com\/index.php\/wp-json\/wp\/v2\/pages\/1026\/revisions\/1162"}],"wp:featuredmedia":[{"embeddable":true,"href":"https:\/\/info.distritobodas.com\/index.php\/wp-json\/wp\/v2\/media\/1123"}],"wp:attachment":[{"href":"https:\/\/info.distritobodas.com\/index.php\/wp-json\/wp\/v2\/media?parent=1026"}],"curies":[{"name":"wp","href":"https:\/\/api.w.org\/{rel}","templated":true}]}}